{"id":3098,"date":"2020-05-28T14:24:38","date_gmt":"2020-05-28T14:24:38","guid":{"rendered":"https:\/\/sarom.wpenginepowered.com\/palackok-es-uvegek\/"},"modified":"2020-12-02T08:15:42","modified_gmt":"2020-12-02T08:15:42","slug":"palackok-es-uvegek","status":"publish","type":"page","link":"https:\/\/sarom.eu\/hu\/products\/palackok-es-uvegek\/","title":{"rendered":"Palackok \u00e9s \u00fcvegek"},"content":{"rendered":"<p>[et_pb_section fb_built=&#8221;1&#8243; custom_padding_last_edited=&#8221;off|desktop&#8221; admin_label=&#8221;Header Section&#8221; _builder_version=&#8221;3.24&#8243; use_background_color_gradient=&#8221;on&#8221; background_color_gradient_start=&#8221;#ffffff&#8221; background_color_gradient_end=&#8221;rgba(255,255,255,0)&#8221; background_color_gradient_start_position=&#8221;40%&#8221; background_color_gradient_overlays_image=&#8221;on&#8221; background_image=&#8221;https:\/\/sarom.eu\/\/wp-content\/uploads\/2019\/06\/Screenshot_8.jpg&#8221; width=&#8221;100%&#8221; custom_padding=&#8221;8%|0px|11.7%|0px||&#8221; custom_padding_tablet=&#8221;320px|0px|0px|0px&#8221;][et_pb_row admin_label=&#8221;Header Row&#8221; _builder_version=&#8221;3.25&#8243;][et_pb_column type=&#8221;4_4&#8243; _builder_version=&#8221;3.25&#8243; custom_padding=&#8221;|||&#8221; custom_padding__hover=&#8221;|||&#8221;][et_pb_text _builder_version=&#8221;3.27.4&#8243; text_font=&#8221;Open Sans|600|||||||&#8221; text_font_size=&#8221;16px&#8221; text_line_height=&#8221;1.8em&#8221; header_font=&#8221;Montserrat||||||||&#8221; header_font_size=&#8221;48px&#8221; header_letter_spacing=&#8221;5px&#8221; header_line_height=&#8221;1.4em&#8221; text_orientation=&#8221;center&#8221; max_width=&#8221;700px&#8221; module_alignment=&#8221;center&#8221; custom_margin=&#8221;-27px||&#8221; animation_style=&#8221;fade&#8221; header_font_size_tablet=&#8221;&#8221; header_font_size_phone=&#8221;32px&#8221; header_font_size_last_edited=&#8221;on|phone&#8221;]<\/p>\n<h1><strong>A bottle to be remembered by!<\/strong><\/h1>\n<p>&nbsp;[\/et_pb_text][\/et_pb_column][\/et_pb_row][\/et_pb_section][et_pb_section fb_built=&#8221;1&#8243; admin_label=&#8221;Juice Categories Section&#8221; _builder_version=&#8221;3.24&#8243; background_color=&#8221;#ffffff&#8221; custom_padding=&#8221;6px|0px|7px|0px||&#8221;][et_pb_row column_structure=&#8221;1_2,1_2&#8243; use_custom_gutter=&#8221;on&#8221; admin_label=&#8221;Juice Types Row&#8221; _builder_version=&#8221;3.25&#8243;][et_pb_column type=&#8221;1_2&#8243; _builder_version=&#8221;3.25&#8243; custom_padding=&#8221;|||&#8221; custom_padding__hover=&#8221;|||&#8221;][et_pb_blurb title=&#8221;Borospalackok&#8221; url=&#8221;https:\/\/sarom.eu\/hu\/products\/palackok-es-uvegek\/borosuvegek\/&#8221; image=&#8221;https:\/\/sarom.eu\/\/wp-content\/uploads\/2019\/06\/8027668.jpg&#8221; image_max_width=&#8221;70%&#8221; image_max_width_tablet=&#8221;&#8221; image_max_width_phone=&#8221;50%&#8221; image_max_width_last_edited=&#8221;on|desktop&#8221; admin_label=&#8221;Juice Type&#8221; _builder_version=&#8221;3.27.4&#8243; header_font=&#8221;Montserrat|||on|||||&#8221; header_text_align=&#8221;center&#8221; header_font_size=&#8221;20px&#8221; header_letter_spacing=&#8221;2px&#8221; header_line_height=&#8221;1.4em&#8221; body_font=&#8221;Oxygen|600|||||||&#8221; body_text_align=&#8221;center&#8221; body_font_size=&#8221;16px&#8221; body_line_height=&#8221;1.8em&#8221;]Hagyom\u00e1nyos borokt\u00f3l a pezsg\u0151borok k\u00fcl\u00f6nf\u00e9le t\u00edpus\u00e1ig[\/et_pb_blurb][et_pb_blurb title=&#8221;Palackok t\u00f6m\u00e9ny italok sz\u00e1m\u00e1ra&#8221; url=&#8221;https:\/\/sarom.eu\/hu\/products\/palackok-es-uvegek\/uveglapackok-parlatoknak\/&#8221; image=&#8221;https:\/\/sarom.eu\/\/wp-content\/uploads\/2019\/06\/8027235.jpg&#8221; image_max_width=&#8221;70%&#8221; image_max_width_tablet=&#8221;&#8221; image_max_width_phone=&#8221;60%&#8221; image_max_width_last_edited=&#8221;on|desktop&#8221; admin_label=&#8221;Juice Type&#8221; _builder_version=&#8221;3.27.4&#8243; header_font=&#8221;Montserrat|||on|||||&#8221; header_text_align=&#8221;center&#8221; header_font_size=&#8221;20px&#8221; header_letter_spacing=&#8221;2px&#8221; header_line_height=&#8221;1.4em&#8221; body_font=&#8221;Oxygen|600|||||||&#8221; body_text_align=&#8221;center&#8221; body_font_size=&#8221;16px&#8221; body_line_height=&#8221;1.8em&#8221; custom_margin=&#8221;60px|||&#8221; custom_margin_tablet=&#8221;0px|||&#8221; custom_margin_phone=&#8221;&#8221; custom_margin_last_edited=&#8221;on|tablet&#8221;]A form\u00e1k \u00e9s m\u00e9retek sz\u00e9les v\u00e1laszt\u00e9ka[\/et_pb_blurb][\/et_pb_column][et_pb_column type=&#8221;1_2&#8243; _builder_version=&#8221;3.25&#8243; custom_padding=&#8221;|||&#8221; custom_padding__hover=&#8221;|||&#8221;][et_pb_blurb title=&#8221;S\u00f6r\u00f6s Palackok&#8221; url=&#8221;https:\/\/sarom.eu\/hu\/products\/palackok-es-uvegek\/sorospalackok\/&#8221; image=&#8221;https:\/\/sarom.eu\/\/wp-content\/uploads\/2019\/06\/8005547.jpg&#8221; image_max_width=&#8221;70%&#8221; image_max_width_tablet=&#8221;&#8221; image_max_width_phone=&#8221;60%&#8221; image_max_width_last_edited=&#8221;on|phone&#8221; admin_label=&#8221;Juice Type&#8221; _builder_version=&#8221;3.27.4&#8243; header_font=&#8221;Montserrat|||on|||||&#8221; header_text_align=&#8221;center&#8221; header_font_size=&#8221;20px&#8221; header_letter_spacing=&#8221;2px&#8221; header_line_height=&#8221;1.4em&#8221; body_font=&#8221;Oxygen|600|||||||&#8221; body_text_align=&#8221;center&#8221; body_font_size=&#8221;16px&#8221; body_line_height=&#8221;1.8em&#8221; body_font_tablet=&#8221;&#8221; body_font_phone=&#8221;&#8221; body_font_last_edited=&#8221;on|desktop&#8221;]Megold\u00e1sokkal szolg\u00e1lhatunk egyar\u00e1nt kis- \u00e9s nagytermel\u0151k sz\u00e1m\u00e1ra.[\/et_pb_blurb][et_pb_blurb title=&#8221;\u00dcvegpalackok alkoholmentes italok sz\u00e1m\u00e1ra&#8221; url=&#8221;https:\/\/sarom.eu\/hu\/products\/palackok-es-uvegek\/uvegpalackok-alkoholmentes-italoknak\/&#8221; image=&#8221;https:\/\/sarom.eu\/\/wp-content\/uploads\/2019\/06\/8002045.jpg&#8221; image_max_width=&#8221;60%&#8221; image_max_width_tablet=&#8221;&#8221; image_max_width_phone=&#8221;60%&#8221; image_max_width_last_edited=&#8221;on|desktop&#8221; admin_label=&#8221;Juice Type&#8221; _builder_version=&#8221;3.27.4&#8243; header_font=&#8221;Montserrat|||on|||||&#8221; header_text_align=&#8221;center&#8221; header_font_size=&#8221;20px&#8221; header_letter_spacing=&#8221;2px&#8221; header_line_height=&#8221;1.4em&#8221; body_font=&#8221;Oxygen|600|||||||&#8221; body_text_align=&#8221;center&#8221; body_font_size=&#8221;16px&#8221; body_line_height=&#8221;1.8em&#8221; custom_margin=&#8221;60px|||&#8221; custom_margin_tablet=&#8221;0px|||&#8221; custom_margin_phone=&#8221;&#8221; custom_margin_last_edited=&#8221;on|tablet&#8221;]Palackok v\u00edznek \u00e9s gy\u00fcm\u00f6lcsleveknek[\/et_pb_blurb][\/et_pb_column][\/et_pb_row][\/et_pb_section][et_pb_section fb_built=&#8221;1&#8243; admin_label=&#8221;Contact Section&#8221; _builder_version=&#8221;3.24&#8243; use_background_color_gradient=&#8221;on&#8221; background_color_gradient_start=&#8221;#ffffff&#8221; background_color_gradient_end=&#8221;rgba(255,255,255,0)&#8221; background_color_gradient_start_position=&#8221;20%&#8221; background_color_gradient_end_position=&#8221;80%&#8221; background_color_gradient_overlays_image=&#8221;on&#8221; background_image=&#8221;https:\/\/sarom.eu\/\/wp-content\/uploads\/2019\/06\/x1000_immagine_personalizzati.jpg.pagespeed.ic_.c-1IcFc8HI-1.jpg&#8221; background_size=&#8221;contain&#8221; background_position=&#8221;center_left&#8221; custom_padding=&#8221;14px|0px|0px|0px||&#8221; saved_tabs=&#8221;all&#8221;][et_pb_row column_structure=&#8221;1_2,1_2&#8243; admin_label=&#8221;Contact Us Row&#8221; _builder_version=&#8221;3.25&#8243;][et_pb_column type=&#8221;1_2&#8243; _builder_version=&#8221;3.25&#8243; custom_padding=&#8221;|||&#8221; custom_padding__hover=&#8221;|||&#8221;][et_pb_text _builder_version=&#8221;3.27.4&#8243; text_font=&#8221;Oxygen|600|||||||&#8221; text_text_color=&#8221;#8300e9&#8243; text_font_size=&#8221;16px&#8221; text_line_height=&#8221;1.8em&#8221; header_font=&#8221;||||||||&#8221; header_2_font=&#8221;Montserrat|||on|||||&#8221; header_2_font_size=&#8221;45px&#8221; header_2_letter_spacing=&#8221;3px&#8221; header_2_line_height=&#8221;1.4em&#8221; module_alignment=&#8221;center&#8221; custom_margin=&#8221;40px|||&#8221; custom_margin_tablet=&#8221;0px|||&#8221; custom_margin_phone=&#8221;|||&#8221; custom_margin_last_edited=&#8221;on|phone&#8221; header_2_text_align_tablet=&#8221;center&#8221; header_2_text_align_phone=&#8221;&#8221; header_2_text_align_last_edited=&#8221;on|phone&#8221; header_2_font_size_tablet=&#8221;&#8221; header_2_font_size_phone=&#8221;32px&#8221; header_2_font_size_last_edited=&#8221;on|phone&#8221; text_orientation_tablet=&#8221;&#8221; text_orientation_phone=&#8221;center&#8221; text_orientation_last_edited=&#8221;on|phone&#8221;]<\/p>\n<h2>Keressen benn\u00fcnket<\/h2>\n<p>Szaktan\u00e1csad\u00e1ssal seg\u00edthet\u00fcnk \u00d6nnek a t\u00f6k\u00e9letes \u00fcvegpalackhoz vezet\u0151 \u00fat b\u00e1rmely szakasz\u00e1ban. Csak keressen fel benn\u00fcnket.[\/et_pb_text][\/et_pb_column][et_pb_column type=&#8221;1_2&#8243; _builder_version=&#8221;3.25&#8243; custom_padding=&#8221;|||&#8221; custom_padding__hover=&#8221;|||&#8221;][et_pb_contact_form captcha=&#8221;off&#8221; email=&#8221;contact@sarom.eu&#8221; success_message=&#8221;Thank you for contacting us. We will get back to you shortly.&#8221; module_id=&#8221;et_pb_contact_form_0&#8243; _builder_version=&#8221;4.6.0&#8243; form_field_background_color=&#8221;rgba(255,255,255,0.4)&#8221; form_field_text_color=&#8221;rgba(0,0,0,0.4)&#8221; form_field_font=&#8221;Open Sans|600|||||||&#8221; form_field_font_size=&#8221;14px&#8221; custom_button=&#8221;on&#8221; button_text_size=&#8221;14px&#8221; button_text_color=&#8221;#ffffff&#8221; button_bg_color=&#8221;#000000&#8243; button_border_width=&#8221;10px&#8221; button_border_color=&#8221;rgba(0,0,0,0)&#8221; button_border_radius=&#8221;30px&#8221; button_letter_spacing=&#8221;2px&#8221; button_font=&#8221;Open Sans|700||on|||||&#8221; button_use_icon=&#8221;off&#8221; hover_enabled=&#8221;0&#8243; border_width_all=&#8221;2px&#8221; border_color_all=&#8221;rgba(51,51,51,0.1)&#8221; form_background_color=&#8221;rgba(255,255,255,0.4)&#8221; button_text_color_hover=&#8221;#ffffff&#8221; button_bg_color_hover=&#8221;rgba(0,0,0,0.7)&#8221; button_border_color_hover=&#8221;rgba(0,0,0,0)&#8221; button_border_radius_hover=&#8221;29px&#8221; button_letter_spacing_hover=&#8221;2px&#8221; custom_message=&#8221;Name: %%Name%%||et_pb_line_break_holder||Email: %%Email%%||et_pb_line_break_holder||Subject: Contact(from Bottles &amp; Jars)||et_pb_line_break_holder||Message: ||et_pb_line_break_holder||%%Message%%&#8221; sticky_enabled=&#8221;0&#8243;][et_pb_contact_field field_id=&#8221;Name&#8221; field_title=&#8221;N\u00e9v:&#8221; _builder_version=&#8221;3.16&#8243; button_text_size__hover_enabled=&#8221;off&#8221; button_one_text_size__hover_enabled=&#8221;off&#8221; button_two_text_size__hover_enabled=&#8221;off&#8221; button_text_color__hover_enabled=&#8221;off&#8221; button_one_text_color__hover_enabled=&#8221;off&#8221; button_two_text_color__hover_enabled=&#8221;off&#8221; button_border_width__hover_enabled=&#8221;off&#8221; button_one_border_width__hover_enabled=&#8221;off&#8221; button_two_border_width__hover_enabled=&#8221;off&#8221; button_border_color__hover_enabled=&#8221;off&#8221; button_one_border_color__hover_enabled=&#8221;off&#8221; button_two_border_color__hover_enabled=&#8221;off&#8221; button_border_radius__hover_enabled=&#8221;off&#8221; button_one_border_radius__hover_enabled=&#8221;off&#8221; button_two_border_radius__hover_enabled=&#8221;off&#8221; button_letter_spacing__hover_enabled=&#8221;off&#8221; button_one_letter_spacing__hover_enabled=&#8221;off&#8221; button_two_letter_spacing__hover_enabled=&#8221;off&#8221; button_bg_color__hover_enabled=&#8221;off&#8221; button_one_bg_color__hover_enabled=&#8221;off&#8221; button_two_bg_color__hover_enabled=&#8221;off&#8221;][\/et_pb_contact_field][et_pb_contact_field field_id=&#8221;Email&#8221; field_title=&#8221;E-mail:&#8221; field_type=&#8221;email&#8221; _builder_version=&#8221;3.16&#8243; button_text_size__hover_enabled=&#8221;off&#8221; button_one_text_size__hover_enabled=&#8221;off&#8221; button_two_text_size__hover_enabled=&#8221;off&#8221; button_text_color__hover_enabled=&#8221;off&#8221; button_one_text_color__hover_enabled=&#8221;off&#8221; button_two_text_color__hover_enabled=&#8221;off&#8221; button_border_width__hover_enabled=&#8221;off&#8221; button_one_border_width__hover_enabled=&#8221;off&#8221; button_two_border_width__hover_enabled=&#8221;off&#8221; button_border_color__hover_enabled=&#8221;off&#8221; button_one_border_color__hover_enabled=&#8221;off&#8221; button_two_border_color__hover_enabled=&#8221;off&#8221; button_border_radius__hover_enabled=&#8221;off&#8221; button_one_border_radius__hover_enabled=&#8221;off&#8221; button_two_border_radius__hover_enabled=&#8221;off&#8221; button_letter_spacing__hover_enabled=&#8221;off&#8221; button_one_letter_spacing__hover_enabled=&#8221;off&#8221; button_two_letter_spacing__hover_enabled=&#8221;off&#8221; button_bg_color__hover_enabled=&#8221;off&#8221; button_one_bg_color__hover_enabled=&#8221;off&#8221; button_two_bg_color__hover_enabled=&#8221;off&#8221;][\/et_pb_contact_field][et_pb_contact_field field_id=&#8221;Message&#8221; field_title=&#8221;\u00dczenet:&#8221; field_type=&#8221;text&#8221; fullwidth_field=&#8221;on&#8221; _builder_version=&#8221;3.16&#8243; button_text_size__hover_enabled=&#8221;off&#8221; button_one_text_size__hover_enabled=&#8221;off&#8221; button_two_text_size__hover_enabled=&#8221;off&#8221; button_text_color__hover_enabled=&#8221;off&#8221; button_one_text_color__hover_enabled=&#8221;off&#8221; button_two_text_color__hover_enabled=&#8221;off&#8221; button_border_width__hover_enabled=&#8221;off&#8221; button_one_border_width__hover_enabled=&#8221;off&#8221; button_two_border_width__hover_enabled=&#8221;off&#8221; button_border_color__hover_enabled=&#8221;off&#8221; button_one_border_color__hover_enabled=&#8221;off&#8221; button_two_border_color__hover_enabled=&#8221;off&#8221; button_border_radius__hover_enabled=&#8221;off&#8221; button_one_border_radius__hover_enabled=&#8221;off&#8221; button_two_border_radius__hover_enabled=&#8221;off&#8221; button_letter_spacing__hover_enabled=&#8221;off&#8221; button_one_letter_spacing__hover_enabled=&#8221;off&#8221; button_two_letter_spacing__hover_enabled=&#8221;off&#8221; button_bg_color__hover_enabled=&#8221;off&#8221; button_one_bg_color__hover_enabled=&#8221;off&#8221; button_two_bg_color__hover_enabled=&#8221;off&#8221;][\/et_pb_contact_field][\/et_pb_contact_form][\/et_pb_column][\/et_pb_row][\/et_pb_section]<\/p>\n","protected":false},"excerpt":{"rendered":"<p>A bottle to be remembered by! &nbsp;Hagyom\u00e1nyos borokt\u00f3l a pezsg\u0151borok k\u00fcl\u00f6nf\u00e9le t\u00edpus\u00e1igA form\u00e1k \u00e9s m\u00e9retek sz\u00e9les v\u00e1laszt\u00e9kaMegold\u00e1sokkal szolg\u00e1lhatunk egyar\u00e1nt kis- \u00e9s nagytermel\u0151k sz\u00e1m\u00e1ra.Palackok v\u00edznek \u00e9s gy\u00fcm\u00f6lcsleveknekKeressen benn\u00fcnket Szaktan\u00e1csad\u00e1ssal seg\u00edthet\u00fcnk \u00d6nnek a t\u00f6k\u00e9letes \u00fcvegpalackhoz vezet\u0151 \u00fat b\u00e1rmely szakasz\u00e1ban. Csak keressen fel benn\u00fcnket.<\/p>\n","protected":false},"author":1,"featured_media":1703,"parent":3108,"menu_order":0,"comment_status":"closed","ping_status":"closed","template":"","meta":{"_acf_changed":false,"_et_pb_use_builder":"on","_et_pb_old_content":"","_et_gb_content_width":"","footnotes":""},"class_list":["post-3098","page","type-page","status-publish","has-post-thumbnail","hentry"],"acf":[],"yoast_head":"<!-- This site is optimized with the Yoast SEO Premium plugin v23.5 (Yoast SEO v26.5) - https:\/\/yoast.com\/wordpress\/plugins\/seo\/ -->\n<title>Palackok \u00e9s \u00fcvegek - Berlin Packaging | Sarom<\/title>\n<meta name=\"robots\" content=\"index, follow, max-snippet:-1, max-image-preview:large, max-video-preview:-1\" \/>\n<link rel=\"canonical\" href=\"https:\/\/sarom.eu\/hu\/products\/palackok-es-uvegek\/\" \/>\n<meta property=\"og:locale\" content=\"hu_HU\" \/>\n<meta property=\"og:type\" content=\"article\" \/>\n<meta property=\"og:title\" content=\"Palackok \u00e9s \u00fcvegek\" \/>\n<meta property=\"og:description\" content=\"A bottle to be remembered by! &nbsp;Hagyom\u00e1nyos borokt\u00f3l a pezsg\u0151borok k\u00fcl\u00f6nf\u00e9le t\u00edpus\u00e1igA form\u00e1k \u00e9s m\u00e9retek sz\u00e9les v\u00e1laszt\u00e9kaMegold\u00e1sokkal szolg\u00e1lhatunk egyar\u00e1nt kis- \u00e9s nagytermel\u0151k sz\u00e1m\u00e1ra.Palackok v\u00edznek \u00e9s gy\u00fcm\u00f6lcsleveknekKeressen benn\u00fcnket Szaktan\u00e1csad\u00e1ssal seg\u00edthet\u00fcnk \u00d6nnek a t\u00f6k\u00e9letes \u00fcvegpalackhoz vezet\u0151 \u00fat b\u00e1rmely szakasz\u00e1ban. Csak keressen fel benn\u00fcnket.\" \/>\n<meta property=\"og:site_name\" content=\"Berlin Packaging | Sarom\" \/>\n<meta property=\"article:publisher\" content=\"https:\/\/www.facebook.com\/sarompackaging\/\" \/>\n<meta property=\"article:modified_time\" content=\"2020-12-02T08:15:42+00:00\" \/>\n<meta property=\"og:image\" content=\"https:\/\/sarom.eu\/wp-content\/uploads\/2019\/12\/8022014-AC.-T-781-MCA3.jpg\" \/>\n\t<meta property=\"og:image:width\" content=\"130\" \/>\n\t<meta property=\"og:image:height\" content=\"411\" \/>\n\t<meta property=\"og:image:type\" content=\"image\/jpeg\" \/>\n<meta name=\"twitter:card\" content=\"summary_large_image\" \/>\n<meta name=\"twitter:label1\" content=\"Becs\u00fclt olvas\u00e1si id\u0151\" \/>\n\t<meta name=\"twitter:data1\" content=\"8 perc\" \/>\n<script type=\"application\/ld+json\" class=\"yoast-schema-graph\">{\"@context\":\"https:\/\/schema.org\",\"@graph\":[{\"@type\":\"WebPage\",\"@id\":\"https:\/\/sarom.eu\/hu\/products\/palackok-es-uvegek\/\",\"url\":\"https:\/\/sarom.eu\/hu\/products\/palackok-es-uvegek\/\",\"name\":\"Palackok \u00e9s \u00fcvegek - Berlin Packaging | Sarom\",\"isPartOf\":{\"@id\":\"https:\/\/sarom.eu\/hu\/#website\"},\"primaryImageOfPage\":{\"@id\":\"https:\/\/sarom.eu\/hu\/products\/palackok-es-uvegek\/#primaryimage\"},\"image\":{\"@id\":\"https:\/\/sarom.eu\/hu\/products\/palackok-es-uvegek\/#primaryimage\"},\"thumbnailUrl\":\"https:\/\/sarom.eu\/wp-content\/uploads\/2019\/12\/8022014-AC.-T-781-MCA3.jpg\",\"datePublished\":\"2020-05-28T14:24:38+00:00\",\"dateModified\":\"2020-12-02T08:15:42+00:00\",\"breadcrumb\":{\"@id\":\"https:\/\/sarom.eu\/hu\/products\/palackok-es-uvegek\/#breadcrumb\"},\"inLanguage\":\"hu\",\"potentialAction\":[{\"@type\":\"ReadAction\",\"target\":[\"https:\/\/sarom.eu\/hu\/products\/palackok-es-uvegek\/\"]}]},{\"@type\":\"ImageObject\",\"inLanguage\":\"hu\",\"@id\":\"https:\/\/sarom.eu\/hu\/products\/palackok-es-uvegek\/#primaryimage\",\"url\":\"https:\/\/sarom.eu\/wp-content\/uploads\/2019\/12\/8022014-AC.-T-781-MCA3.jpg\",\"contentUrl\":\"https:\/\/sarom.eu\/wp-content\/uploads\/2019\/12\/8022014-AC.-T-781-MCA3.jpg\",\"width\":130,\"height\":411,\"caption\":\"Bottles & Jars\"},{\"@type\":\"BreadcrumbList\",\"@id\":\"https:\/\/sarom.eu\/hu\/products\/palackok-es-uvegek\/#breadcrumb\",\"itemListElement\":[{\"@type\":\"ListItem\",\"position\":1,\"name\":\"Home\",\"item\":\"https:\/\/sarom.eu\/hu\/\"},{\"@type\":\"ListItem\",\"position\":2,\"name\":\"Products\",\"item\":\"https:\/\/sarom.eu\/hu\/products\/\"},{\"@type\":\"ListItem\",\"position\":3,\"name\":\"Palackok \u00e9s \u00fcvegek\"}]},{\"@type\":\"WebSite\",\"@id\":\"https:\/\/sarom.eu\/hu\/#website\",\"url\":\"https:\/\/sarom.eu\/hu\/\",\"name\":\"Berlin Packaging | Sarom\",\"description\":\"World&#039;s Largest Hybrid Packaging Supplier\",\"publisher\":{\"@id\":\"https:\/\/sarom.eu\/hu\/#organization\"},\"potentialAction\":[{\"@type\":\"SearchAction\",\"target\":{\"@type\":\"EntryPoint\",\"urlTemplate\":\"https:\/\/sarom.eu\/hu\/?s={search_term_string}\"},\"query-input\":{\"@type\":\"PropertyValueSpecification\",\"valueRequired\":true,\"valueName\":\"search_term_string\"}}],\"inLanguage\":\"hu\"},{\"@type\":\"Organization\",\"@id\":\"https:\/\/sarom.eu\/hu\/#organization\",\"name\":\"Sarom\",\"url\":\"https:\/\/sarom.eu\/hu\/\",\"logo\":{\"@type\":\"ImageObject\",\"inLanguage\":\"hu\",\"@id\":\"https:\/\/sarom.eu\/hu\/#\/schema\/logo\/image\/\",\"url\":\"https:\/\/sarom.eu\/wp-content\/uploads\/2019\/09\/logo_flat2.png\",\"contentUrl\":\"https:\/\/sarom.eu\/wp-content\/uploads\/2019\/09\/logo_flat2.png\",\"width\":600,\"height\":200,\"caption\":\"Sarom\"},\"image\":{\"@id\":\"https:\/\/sarom.eu\/hu\/#\/schema\/logo\/image\/\"},\"sameAs\":[\"https:\/\/www.facebook.com\/sarompackaging\/\",\"https:\/\/www.instagram.com\/sarompackaging\/?hl=en\"]}]}<\/script>\n<!-- \/ Yoast SEO Premium plugin. -->","yoast_head_json":{"title":"Palackok \u00e9s \u00fcvegek - Berlin Packaging | Sarom","robots":{"index":"index","follow":"follow","max-snippet":"max-snippet:-1","max-image-preview":"max-image-preview:large","max-video-preview":"max-video-preview:-1"},"canonical":"https:\/\/sarom.eu\/hu\/products\/palackok-es-uvegek\/","og_locale":"hu_HU","og_type":"article","og_title":"Palackok \u00e9s \u00fcvegek","og_description":"A bottle to be remembered by! &nbsp;Hagyom\u00e1nyos borokt\u00f3l a pezsg\u0151borok k\u00fcl\u00f6nf\u00e9le t\u00edpus\u00e1igA form\u00e1k \u00e9s m\u00e9retek sz\u00e9les v\u00e1laszt\u00e9kaMegold\u00e1sokkal szolg\u00e1lhatunk egyar\u00e1nt kis- \u00e9s nagytermel\u0151k sz\u00e1m\u00e1ra.Palackok v\u00edznek \u00e9s gy\u00fcm\u00f6lcsleveknekKeressen benn\u00fcnket Szaktan\u00e1csad\u00e1ssal seg\u00edthet\u00fcnk \u00d6nnek a t\u00f6k\u00e9letes \u00fcvegpalackhoz vezet\u0151 \u00fat b\u00e1rmely szakasz\u00e1ban. Csak keressen fel benn\u00fcnket.","og_site_name":"Berlin Packaging | Sarom","article_publisher":"https:\/\/www.facebook.com\/sarompackaging\/","article_modified_time":"2020-12-02T08:15:42+00:00","og_image":[{"width":130,"height":411,"url":"https:\/\/sarom.eu\/wp-content\/uploads\/2019\/12\/8022014-AC.-T-781-MCA3.jpg","type":"image\/jpeg"}],"twitter_card":"summary_large_image","twitter_misc":{"Becs\u00fclt olvas\u00e1si id\u0151":"8 perc"},"schema":{"@context":"https:\/\/schema.org","@graph":[{"@type":"WebPage","@id":"https:\/\/sarom.eu\/hu\/products\/palackok-es-uvegek\/","url":"https:\/\/sarom.eu\/hu\/products\/palackok-es-uvegek\/","name":"Palackok \u00e9s \u00fcvegek - Berlin Packaging | Sarom","isPartOf":{"@id":"https:\/\/sarom.eu\/hu\/#website"},"primaryImageOfPage":{"@id":"https:\/\/sarom.eu\/hu\/products\/palackok-es-uvegek\/#primaryimage"},"image":{"@id":"https:\/\/sarom.eu\/hu\/products\/palackok-es-uvegek\/#primaryimage"},"thumbnailUrl":"https:\/\/sarom.eu\/wp-content\/uploads\/2019\/12\/8022014-AC.-T-781-MCA3.jpg","datePublished":"2020-05-28T14:24:38+00:00","dateModified":"2020-12-02T08:15:42+00:00","breadcrumb":{"@id":"https:\/\/sarom.eu\/hu\/products\/palackok-es-uvegek\/#breadcrumb"},"inLanguage":"hu","potentialAction":[{"@type":"ReadAction","target":["https:\/\/sarom.eu\/hu\/products\/palackok-es-uvegek\/"]}]},{"@type":"ImageObject","inLanguage":"hu","@id":"https:\/\/sarom.eu\/hu\/products\/palackok-es-uvegek\/#primaryimage","url":"https:\/\/sarom.eu\/wp-content\/uploads\/2019\/12\/8022014-AC.-T-781-MCA3.jpg","contentUrl":"https:\/\/sarom.eu\/wp-content\/uploads\/2019\/12\/8022014-AC.-T-781-MCA3.jpg","width":130,"height":411,"caption":"Bottles & Jars"},{"@type":"BreadcrumbList","@id":"https:\/\/sarom.eu\/hu\/products\/palackok-es-uvegek\/#breadcrumb","itemListElement":[{"@type":"ListItem","position":1,"name":"Home","item":"https:\/\/sarom.eu\/hu\/"},{"@type":"ListItem","position":2,"name":"Products","item":"https:\/\/sarom.eu\/hu\/products\/"},{"@type":"ListItem","position":3,"name":"Palackok \u00e9s \u00fcvegek"}]},{"@type":"WebSite","@id":"https:\/\/sarom.eu\/hu\/#website","url":"https:\/\/sarom.eu\/hu\/","name":"Berlin Packaging | Sarom","description":"World&#039;s Largest Hybrid Packaging Supplier","publisher":{"@id":"https:\/\/sarom.eu\/hu\/#organization"},"potentialAction":[{"@type":"SearchAction","target":{"@type":"EntryPoint","urlTemplate":"https:\/\/sarom.eu\/hu\/?s={search_term_string}"},"query-input":{"@type":"PropertyValueSpecification","valueRequired":true,"valueName":"search_term_string"}}],"inLanguage":"hu"},{"@type":"Organization","@id":"https:\/\/sarom.eu\/hu\/#organization","name":"Sarom","url":"https:\/\/sarom.eu\/hu\/","logo":{"@type":"ImageObject","inLanguage":"hu","@id":"https:\/\/sarom.eu\/hu\/#\/schema\/logo\/image\/","url":"https:\/\/sarom.eu\/wp-content\/uploads\/2019\/09\/logo_flat2.png","contentUrl":"https:\/\/sarom.eu\/wp-content\/uploads\/2019\/09\/logo_flat2.png","width":600,"height":200,"caption":"Sarom"},"image":{"@id":"https:\/\/sarom.eu\/hu\/#\/schema\/logo\/image\/"},"sameAs":["https:\/\/www.facebook.com\/sarompackaging\/","https:\/\/www.instagram.com\/sarompackaging\/?hl=en"]}]}},"_links":{"self":[{"href":"https:\/\/sarom.eu\/hu\/wp-json\/wp\/v2\/pages\/3098","targetHints":{"allow":["GET"]}}],"collection":[{"href":"https:\/\/sarom.eu\/hu\/wp-json\/wp\/v2\/pages"}],"about":[{"href":"https:\/\/sarom.eu\/hu\/wp-json\/wp\/v2\/types\/page"}],"author":[{"embeddable":true,"href":"https:\/\/sarom.eu\/hu\/wp-json\/wp\/v2\/users\/1"}],"replies":[{"embeddable":true,"href":"https:\/\/sarom.eu\/hu\/wp-json\/wp\/v2\/comments?post=3098"}],"version-history":[{"count":0,"href":"https:\/\/sarom.eu\/hu\/wp-json\/wp\/v2\/pages\/3098\/revisions"}],"up":[{"embeddable":true,"href":"https:\/\/sarom.eu\/hu\/wp-json\/wp\/v2\/pages\/3108"}],"wp:featuredmedia":[{"embeddable":true,"href":"https:\/\/sarom.eu\/hu\/wp-json\/wp\/v2\/media\/1703"}],"wp:attachment":[{"href":"https:\/\/sarom.eu\/hu\/wp-json\/wp\/v2\/media?parent=3098"}],"curies":[{"name":"wp","href":"https:\/\/api.w.org\/{rel}","templated":true}]}}