{"id":11841,"date":"2020-05-15T09:03:09","date_gmt":"2020-05-15T09:03:09","guid":{"rendered":"https:\/\/sarom.wpenginepowered.com\/product\/bord-antica-769-fa\/"},"modified":"2024-07-22T02:47:39","modified_gmt":"2024-07-22T02:47:39","slug":"bord-antica-769-fa","status":"publish","type":"product","link":"https:\/\/sarom.eu\/hu\/catalogue\/wine\/bord-antica-769-fa\/","title":{"rendered":"750 mL Noble Green Bordeaux Wine Bottle BORD. ANTICA 76,9 FA"},"content":{"rendered":"<p>The 750 mL (75 cl) Noble Green Bordeaux Wine Bottle is designed to elevate the presentation of your finest wines. Crafted with high-quality glass, The bottle ensures both durability and sophistication. With dimensions of 301 mm in height and 77 mm in diameter, it offers ample space for your wine to mature and develop its full flavor profile. Weighing 600 g, The bottle provides stability and a premium feel. The Noble Green color adds a touch of distinction to your product, enhancing its visual appeal on the shelf. Whether for personal enjoyment or commercial distribution, The bottle is an excellent choice for wine enthusiasts and connoisseurs seeking quality and style.<\/p>\n","protected":false},"excerpt":{"rendered":"<p>The 750 mL (75 cl) Noble Green Bordeaux Wine Bottle is designed to elevate the presentation of your finest wines. Crafted with high-quality glass, The bottle ensures both durability and sophistication. With dimensions of 301 mm in height and 77 mm in diameter, it offers ample space for your wine to mature and develop its [&hellip;]<\/p>\n","protected":false},"featured_media":2176,"template":"","meta":{"_acf_changed":false,"_et_pb_use_builder":"","_et_pb_old_content":"","_et_gb_content_width":""},"product_brand":[],"product_cat":[424,430],"product_tag":[],"class_list":{"0":"post-11841","1":"product","2":"type-product","3":"status-publish","4":"has-post-thumbnail","6":"product_cat-wine","7":"product_cat-bordeaux","9":"first","10":"instock","11":"shipping-taxable","12":"product-type-simple"},"acf":[],"yoast_head":"<!-- This site is optimized with the Yoast SEO Premium plugin v23.5 (Yoast SEO v26.5) - https:\/\/yoast.com\/wordpress\/plugins\/seo\/ -->\n<title>750 mL Noble Green Bordeaux Wine Bottle BORD. ANTICA 76,9 FA - Berlin Packaging | Sarom<\/title>\n<meta name=\"robots\" content=\"index, follow, max-snippet:-1, max-image-preview:large, max-video-preview:-1\" \/>\n<link rel=\"canonical\" href=\"https:\/\/sarom.eu\/hu\/catalogue\/wine\/bord-antica-769-fa\/\" \/>\n<meta property=\"og:locale\" content=\"hu_HU\" \/>\n<meta property=\"og:type\" content=\"article\" \/>\n<meta property=\"og:title\" content=\"750 mL Noble Green Bordeaux Wine Bottle BORD. ANTICA 76,9 FA\" \/>\n<meta property=\"og:description\" content=\"The 750 mL (75 cl) Noble Green Bordeaux Wine Bottle is designed to elevate the presentation of your finest wines. Crafted with high-quality glass, The bottle ensures both durability and sophistication. With dimensions of 301 mm in height and 77 mm in diameter, it offers ample space for your wine to mature and develop its [&hellip;]\" \/>\n<meta property=\"og:site_name\" content=\"Berlin Packaging | Sarom\" \/>\n<meta property=\"article:publisher\" content=\"https:\/\/www.facebook.com\/sarompackaging\/\" \/>\n<meta property=\"article:modified_time\" content=\"2024-07-22T02:47:39+00:00\" \/>\n<meta property=\"og:image\" content=\"https:\/\/sarom.eu\/wp-content\/uploads\/2020\/05\/8025383.jpg\" \/>\n\t<meta property=\"og:image:width\" content=\"130\" \/>\n\t<meta property=\"og:image:height\" content=\"450\" \/>\n\t<meta property=\"og:image:type\" content=\"image\/jpeg\" \/>\n<meta name=\"twitter:card\" content=\"summary_large_image\" \/>\n<meta name=\"twitter:label1\" content=\"Becs\u00fclt olvas\u00e1si id\u0151\" \/>\n\t<meta name=\"twitter:data1\" content=\"1 perc\" \/>\n<script type=\"application\/ld+json\" class=\"yoast-schema-graph\">{\"@context\":\"https:\/\/schema.org\",\"@graph\":[{\"@type\":\"WebPage\",\"@id\":\"https:\/\/sarom.eu\/hu\/catalogue\/wine\/bord-antica-769-fa\/\",\"url\":\"https:\/\/sarom.eu\/hu\/catalogue\/wine\/bord-antica-769-fa\/\",\"name\":\"750 mL Noble Green Bordeaux Wine Bottle BORD. ANTICA 76,9 FA - Berlin Packaging | Sarom\",\"isPartOf\":{\"@id\":\"https:\/\/sarom.eu\/hu\/#website\"},\"primaryImageOfPage\":{\"@id\":\"https:\/\/sarom.eu\/hu\/catalogue\/wine\/bord-antica-769-fa\/#primaryimage\"},\"image\":{\"@id\":\"https:\/\/sarom.eu\/hu\/catalogue\/wine\/bord-antica-769-fa\/#primaryimage\"},\"thumbnailUrl\":\"https:\/\/sarom.eu\/wp-content\/uploads\/2020\/05\/8025383.jpg\",\"datePublished\":\"2020-05-15T09:03:09+00:00\",\"dateModified\":\"2024-07-22T02:47:39+00:00\",\"breadcrumb\":{\"@id\":\"https:\/\/sarom.eu\/hu\/catalogue\/wine\/bord-antica-769-fa\/#breadcrumb\"},\"inLanguage\":\"hu\",\"potentialAction\":[{\"@type\":\"ReadAction\",\"target\":[\"https:\/\/sarom.eu\/hu\/catalogue\/wine\/bord-antica-769-fa\/\"]}]},{\"@type\":\"ImageObject\",\"inLanguage\":\"hu\",\"@id\":\"https:\/\/sarom.eu\/hu\/catalogue\/wine\/bord-antica-769-fa\/#primaryimage\",\"url\":\"https:\/\/sarom.eu\/wp-content\/uploads\/2020\/05\/8025383.jpg\",\"contentUrl\":\"https:\/\/sarom.eu\/wp-content\/uploads\/2020\/05\/8025383.jpg\",\"width\":130,\"height\":450},{\"@type\":\"BreadcrumbList\",\"@id\":\"https:\/\/sarom.eu\/hu\/catalogue\/wine\/bord-antica-769-fa\/#breadcrumb\",\"itemListElement\":[{\"@type\":\"ListItem\",\"position\":1,\"name\":\"Home\",\"item\":\"https:\/\/sarom.eu\/hu\/\"},{\"@type\":\"ListItem\",\"position\":2,\"name\":\"Catalogue\",\"item\":\"https:\/\/sarom.eu\/catalogue\/\"},{\"@type\":\"ListItem\",\"position\":3,\"name\":\"750 mL Noble Green Bordeaux Wine Bottle BORD. ANTICA 76,9 FA\"}]},{\"@type\":\"WebSite\",\"@id\":\"https:\/\/sarom.eu\/hu\/#website\",\"url\":\"https:\/\/sarom.eu\/hu\/\",\"name\":\"Berlin Packaging | Sarom\",\"description\":\"World&#039;s Largest Hybrid Packaging Supplier\",\"publisher\":{\"@id\":\"https:\/\/sarom.eu\/hu\/#organization\"},\"potentialAction\":[{\"@type\":\"SearchAction\",\"target\":{\"@type\":\"EntryPoint\",\"urlTemplate\":\"https:\/\/sarom.eu\/hu\/?s={search_term_string}\"},\"query-input\":{\"@type\":\"PropertyValueSpecification\",\"valueRequired\":true,\"valueName\":\"search_term_string\"}}],\"inLanguage\":\"hu\"},{\"@type\":\"Organization\",\"@id\":\"https:\/\/sarom.eu\/hu\/#organization\",\"name\":\"Sarom\",\"url\":\"https:\/\/sarom.eu\/hu\/\",\"logo\":{\"@type\":\"ImageObject\",\"inLanguage\":\"hu\",\"@id\":\"https:\/\/sarom.eu\/hu\/#\/schema\/logo\/image\/\",\"url\":\"https:\/\/sarom.eu\/wp-content\/uploads\/2019\/09\/logo_flat2.png\",\"contentUrl\":\"https:\/\/sarom.eu\/wp-content\/uploads\/2019\/09\/logo_flat2.png\",\"width\":600,\"height\":200,\"caption\":\"Sarom\"},\"image\":{\"@id\":\"https:\/\/sarom.eu\/hu\/#\/schema\/logo\/image\/\"},\"sameAs\":[\"https:\/\/www.facebook.com\/sarompackaging\/\",\"https:\/\/www.instagram.com\/sarompackaging\/?hl=en\"]}]}<\/script>\n<!-- \/ Yoast SEO Premium plugin. -->","yoast_head_json":{"title":"750 mL Noble Green Bordeaux Wine Bottle BORD. ANTICA 76,9 FA - Berlin Packaging | Sarom","robots":{"index":"index","follow":"follow","max-snippet":"max-snippet:-1","max-image-preview":"max-image-preview:large","max-video-preview":"max-video-preview:-1"},"canonical":"https:\/\/sarom.eu\/hu\/catalogue\/wine\/bord-antica-769-fa\/","og_locale":"hu_HU","og_type":"article","og_title":"750 mL Noble Green Bordeaux Wine Bottle BORD. ANTICA 76,9 FA","og_description":"The 750 mL (75 cl) Noble Green Bordeaux Wine Bottle is designed to elevate the presentation of your finest wines. Crafted with high-quality glass, The bottle ensures both durability and sophistication. With dimensions of 301 mm in height and 77 mm in diameter, it offers ample space for your wine to mature and develop its [&hellip;]","og_site_name":"Berlin Packaging | Sarom","article_publisher":"https:\/\/www.facebook.com\/sarompackaging\/","article_modified_time":"2024-07-22T02:47:39+00:00","og_image":[{"width":130,"height":450,"url":"https:\/\/sarom.eu\/wp-content\/uploads\/2020\/05\/8025383.jpg","type":"image\/jpeg"}],"twitter_card":"summary_large_image","twitter_misc":{"Becs\u00fclt olvas\u00e1si id\u0151":"1 perc"},"schema":{"@context":"https:\/\/schema.org","@graph":[{"@type":"WebPage","@id":"https:\/\/sarom.eu\/hu\/catalogue\/wine\/bord-antica-769-fa\/","url":"https:\/\/sarom.eu\/hu\/catalogue\/wine\/bord-antica-769-fa\/","name":"750 mL Noble Green Bordeaux Wine Bottle BORD. ANTICA 76,9 FA - Berlin Packaging | Sarom","isPartOf":{"@id":"https:\/\/sarom.eu\/hu\/#website"},"primaryImageOfPage":{"@id":"https:\/\/sarom.eu\/hu\/catalogue\/wine\/bord-antica-769-fa\/#primaryimage"},"image":{"@id":"https:\/\/sarom.eu\/hu\/catalogue\/wine\/bord-antica-769-fa\/#primaryimage"},"thumbnailUrl":"https:\/\/sarom.eu\/wp-content\/uploads\/2020\/05\/8025383.jpg","datePublished":"2020-05-15T09:03:09+00:00","dateModified":"2024-07-22T02:47:39+00:00","breadcrumb":{"@id":"https:\/\/sarom.eu\/hu\/catalogue\/wine\/bord-antica-769-fa\/#breadcrumb"},"inLanguage":"hu","potentialAction":[{"@type":"ReadAction","target":["https:\/\/sarom.eu\/hu\/catalogue\/wine\/bord-antica-769-fa\/"]}]},{"@type":"ImageObject","inLanguage":"hu","@id":"https:\/\/sarom.eu\/hu\/catalogue\/wine\/bord-antica-769-fa\/#primaryimage","url":"https:\/\/sarom.eu\/wp-content\/uploads\/2020\/05\/8025383.jpg","contentUrl":"https:\/\/sarom.eu\/wp-content\/uploads\/2020\/05\/8025383.jpg","width":130,"height":450},{"@type":"BreadcrumbList","@id":"https:\/\/sarom.eu\/hu\/catalogue\/wine\/bord-antica-769-fa\/#breadcrumb","itemListElement":[{"@type":"ListItem","position":1,"name":"Home","item":"https:\/\/sarom.eu\/hu\/"},{"@type":"ListItem","position":2,"name":"Catalogue","item":"https:\/\/sarom.eu\/catalogue\/"},{"@type":"ListItem","position":3,"name":"750 mL Noble Green Bordeaux Wine Bottle BORD. ANTICA 76,9 FA"}]},{"@type":"WebSite","@id":"https:\/\/sarom.eu\/hu\/#website","url":"https:\/\/sarom.eu\/hu\/","name":"Berlin Packaging | Sarom","description":"World&#039;s Largest Hybrid Packaging Supplier","publisher":{"@id":"https:\/\/sarom.eu\/hu\/#organization"},"potentialAction":[{"@type":"SearchAction","target":{"@type":"EntryPoint","urlTemplate":"https:\/\/sarom.eu\/hu\/?s={search_term_string}"},"query-input":{"@type":"PropertyValueSpecification","valueRequired":true,"valueName":"search_term_string"}}],"inLanguage":"hu"},{"@type":"Organization","@id":"https:\/\/sarom.eu\/hu\/#organization","name":"Sarom","url":"https:\/\/sarom.eu\/hu\/","logo":{"@type":"ImageObject","inLanguage":"hu","@id":"https:\/\/sarom.eu\/hu\/#\/schema\/logo\/image\/","url":"https:\/\/sarom.eu\/wp-content\/uploads\/2019\/09\/logo_flat2.png","contentUrl":"https:\/\/sarom.eu\/wp-content\/uploads\/2019\/09\/logo_flat2.png","width":600,"height":200,"caption":"Sarom"},"image":{"@id":"https:\/\/sarom.eu\/hu\/#\/schema\/logo\/image\/"},"sameAs":["https:\/\/www.facebook.com\/sarompackaging\/","https:\/\/www.instagram.com\/sarompackaging\/?hl=en"]}]}},"_links":{"self":[{"href":"https:\/\/sarom.eu\/hu\/wp-json\/wp\/v2\/product\/11841","targetHints":{"allow":["GET"]}}],"collection":[{"href":"https:\/\/sarom.eu\/hu\/wp-json\/wp\/v2\/product"}],"about":[{"href":"https:\/\/sarom.eu\/hu\/wp-json\/wp\/v2\/types\/product"}],"wp:featuredmedia":[{"embeddable":true,"href":"https:\/\/sarom.eu\/hu\/wp-json\/wp\/v2\/media\/2176"}],"wp:attachment":[{"href":"https:\/\/sarom.eu\/hu\/wp-json\/wp\/v2\/media?parent=11841"}],"wp:term":[{"taxonomy":"product_brand","embeddable":true,"href":"https:\/\/sarom.eu\/hu\/wp-json\/wp\/v2\/product_brand?post=11841"},{"taxonomy":"product_cat","embeddable":true,"href":"https:\/\/sarom.eu\/hu\/wp-json\/wp\/v2\/product_cat?post=11841"},{"taxonomy":"product_tag","embeddable":true,"href":"https:\/\/sarom.eu\/hu\/wp-json\/wp\/v2\/product_tag?post=11841"}],"curies":[{"name":"wp","href":"https:\/\/api.w.org\/{rel}","templated":true}]}}