{"id":12269,"date":"2020-06-30T12:45:37","date_gmt":"2020-06-30T12:45:37","guid":{"rendered":"https:\/\/sarom.wpenginepowered.com\/product\/10l-bordeaux-bvs\/"},"modified":"2023-09-28T05:00:15","modified_gmt":"2023-09-28T05:00:15","slug":"10l-bordeaux-bvs","status":"publish","type":"product","link":"https:\/\/sarom.eu\/hu\/catalogue\/wine\/10l-bordeaux-bvs\/","title":{"rendered":"1,0L &#8216;BORDEAUX&#8217; BVS"},"content":{"rendered":"<p>[et_pb_section fb_built=&#8221;1&#8243; _builder_version=&#8221;4.15&#8243; custom_padding=&#8221;0px||||false|false&#8221; global_colors_info=&#8221;{}&#8221;][et_pb_row _builder_version=&#8221;4.15&#8243; background_size=&#8221;initial&#8221; background_position=&#8221;top_left&#8221; background_repeat=&#8221;repeat&#8221; width=&#8221;100%&#8221; custom_padding=&#8221;0px||0px||false|false&#8221; global_colors_info=&#8221;{}&#8221;][et_pb_column type=&#8221;4_4&#8243; _builder_version=&#8221;4.15&#8243; custom_padding=&#8221;|||&#8221; global_colors_info=&#8221;{}&#8221; custom_padding__hover=&#8221;|||&#8221;][et_pb_wc_breadcrumb _builder_version=&#8221;4.15&#8243; global_colors_info=&#8221;{}&#8221;][\/et_pb_wc_breadcrumb]<div class=\"et_pb_module et_pb_wc_cart_notice et_pb_wc_cart_notice_0 woocommerce et_pb_fields_layout_default et_pb_bg_layout_  et_pb_text_align_left\">\n\t\t\t\t\n\t\t\t\t\n\t\t\t\t\n\t\t\t\t\n\t\t\t\t\n\t\t\t\t\n\t\t\t\t<div class=\"et_pb_module_inner\">\n\t\t\t\t\t\n\t\t\t\t<\/div>\n\t\t\t<\/div>[\/et_pb_column][\/et_pb_row][et_pb_row _builder_version=&#8221;4.15&#8243; background_size=&#8221;initial&#8221; background_position=&#8221;top_left&#8221; background_repeat=&#8221;repeat&#8221; width=&#8221;100%&#8221; custom_padding=&#8221;0px||||false|false&#8221; global_colors_info=&#8221;{}&#8221; column_structure=&#8221;1_2,1_2&#8243;][et_pb_column type=&#8221;1_2&#8243; _builder_version=&#8221;4.15&#8243; custom_padding=&#8221;|||&#8221; global_colors_info=&#8221;{}&#8221; custom_padding__hover=&#8221;|||&#8221;][et_pb_wc_images _builder_version=&#8221;4.15&#8243; hover_enabled=&#8221;0&#8243; global_colors_info=&#8221;{}&#8221; sticky_enabled=&#8221;0&#8243;][\/et_pb_wc_images][\/et_pb_column][et_pb_column type=&#8221;1_2&#8243; _builder_version=&#8221;4.15&#8243; custom_padding=&#8221;|||&#8221; global_colors_info=&#8221;{}&#8221; custom_padding__hover=&#8221;|||&#8221;][et_pb_wc_title _builder_version=&#8221;4.15&#8243; global_colors_info=&#8221;{}&#8221;][\/et_pb_wc_title][et_pb_wc_rating _builder_version=&#8221;4.15&#8243; global_colors_info=&#8221;{}&#8221;][\/et_pb_wc_rating][et_pb_wc_price _builder_version=&#8221;4.15&#8243; global_colors_info=&#8221;{}&#8221;][\/et_pb_wc_price][et_pb_wc_description _builder_version=&#8221;4.15.1&#8243; hover_enabled=&#8221;0&#8243; global_colors_info=&#8221;{}&#8221; sticky_enabled=&#8221;0&#8243; description_type=&#8221;description&#8221;][\/et_pb_wc_description][et_pb_wc_add_to_cart _builder_version=&#8221;4.15&#8243; global_colors_info=&#8221;{}&#8221;][\/et_pb_wc_add_to_cart][et_pb_wc_meta _builder_version=&#8221;4.15&#8243; hover_enabled=&#8221;0&#8243; global_colors_info=&#8221;{}&#8221; sticky_enabled=&#8221;0&#8243;][\/et_pb_wc_meta][\/et_pb_column][\/et_pb_row][et_pb_row _builder_version=&#8221;4.15&#8243; background_size=&#8221;initial&#8221; background_position=&#8221;top_left&#8221; background_repeat=&#8221;repeat&#8221; width=&#8221;100%&#8221; global_colors_info=&#8221;{}&#8221;][et_pb_column type=&#8221;4_4&#8243; _builder_version=&#8221;4.15&#8243; custom_padding=&#8221;|||&#8221; global_colors_info=&#8221;{}&#8221; custom_padding__hover=&#8221;|||&#8221;][et_pb_wc_tabs _builder_version=&#8221;4.15&#8243; global_colors_info=&#8221;{}&#8221;]\t\t\t\t\t[\/et_pb_wc_tabs][et_pb_wc_upsells columns_number=&#8221;3&#8243; _builder_version=&#8221;4.15&#8243; global_colors_info=&#8221;{}&#8221;][\/et_pb_wc_upsells][et_pb_wc_related_products columns_number=&#8221;3&#8243; _builder_version=&#8221;4.15&#8243; global_colors_info=&#8221;{}&#8221;][\/et_pb_wc_related_products][\/et_pb_column][\/et_pb_row][\/et_pb_section]<\/p>\n","protected":false},"excerpt":{"rendered":"","protected":false},"featured_media":5261,"template":"","meta":{"_acf_changed":false,"_et_pb_use_builder":"on","_et_pb_old_content":"<p>Produit description<\/p>\r\n","_et_gb_content_width":""},"product_brand":[],"product_cat":[424,430],"product_tag":[],"class_list":{"0":"post-12269","1":"product","2":"type-product","3":"status-publish","4":"has-post-thumbnail","6":"product_cat-wine","7":"product_cat-bordeaux","9":"first","10":"instock","11":"shipping-taxable","12":"product-type-simple"},"acf":[],"yoast_head":"<!-- This site is optimized with the Yoast SEO Premium plugin v23.5 (Yoast SEO v26.5) - https:\/\/yoast.com\/wordpress\/plugins\/seo\/ -->\n<title>1,0L &#039;BORDEAUX&#039; BVS - Berlin Packaging | Sarom<\/title>\n<meta name=\"robots\" content=\"index, follow, max-snippet:-1, max-image-preview:large, max-video-preview:-1\" \/>\n<link rel=\"canonical\" href=\"https:\/\/sarom.eu\/hu\/catalogue\/wine\/10l-bordeaux-bvs\/\" \/>\n<meta property=\"og:locale\" content=\"hu_HU\" \/>\n<meta property=\"og:type\" content=\"article\" \/>\n<meta property=\"og:title\" content=\"1,0L &#039;BORDEAUX&#039; BVS\" \/>\n<meta property=\"og:site_name\" content=\"Berlin Packaging | Sarom\" \/>\n<meta property=\"article:publisher\" content=\"https:\/\/www.facebook.com\/sarompackaging\/\" \/>\n<meta property=\"article:modified_time\" content=\"2023-09-28T05:00:15+00:00\" \/>\n<meta property=\"og:image\" content=\"https:\/\/sarom.eu\/wp-content\/uploads\/2020\/06\/8021830-4.jpg\" \/>\n\t<meta property=\"og:image:width\" content=\"320\" \/>\n\t<meta property=\"og:image:height\" content=\"1185\" \/>\n\t<meta property=\"og:image:type\" content=\"image\/jpeg\" \/>\n<meta name=\"twitter:card\" content=\"summary_large_image\" \/>\n<meta name=\"twitter:label1\" content=\"Becs\u00fclt olvas\u00e1si id\u0151\" \/>\n\t<meta name=\"twitter:data1\" content=\"2 perc\" \/>\n<script type=\"application\/ld+json\" class=\"yoast-schema-graph\">{\"@context\":\"https:\/\/schema.org\",\"@graph\":[{\"@type\":\"WebPage\",\"@id\":\"https:\/\/sarom.eu\/hu\/catalogue\/wine\/10l-bordeaux-bvs\/\",\"url\":\"https:\/\/sarom.eu\/hu\/catalogue\/wine\/10l-bordeaux-bvs\/\",\"name\":\"1,0L 'BORDEAUX' BVS - Berlin Packaging | Sarom\",\"isPartOf\":{\"@id\":\"https:\/\/sarom.eu\/hu\/#website\"},\"primaryImageOfPage\":{\"@id\":\"https:\/\/sarom.eu\/hu\/catalogue\/wine\/10l-bordeaux-bvs\/#primaryimage\"},\"image\":{\"@id\":\"https:\/\/sarom.eu\/hu\/catalogue\/wine\/10l-bordeaux-bvs\/#primaryimage\"},\"thumbnailUrl\":\"https:\/\/sarom.eu\/wp-content\/uploads\/2020\/06\/8021830-4.jpg\",\"datePublished\":\"2020-06-30T12:45:37+00:00\",\"dateModified\":\"2023-09-28T05:00:15+00:00\",\"breadcrumb\":{\"@id\":\"https:\/\/sarom.eu\/hu\/catalogue\/wine\/10l-bordeaux-bvs\/#breadcrumb\"},\"inLanguage\":\"hu\",\"potentialAction\":[{\"@type\":\"ReadAction\",\"target\":[\"https:\/\/sarom.eu\/hu\/catalogue\/wine\/10l-bordeaux-bvs\/\"]}]},{\"@type\":\"ImageObject\",\"inLanguage\":\"hu\",\"@id\":\"https:\/\/sarom.eu\/hu\/catalogue\/wine\/10l-bordeaux-bvs\/#primaryimage\",\"url\":\"https:\/\/sarom.eu\/wp-content\/uploads\/2020\/06\/8021830-4.jpg\",\"contentUrl\":\"https:\/\/sarom.eu\/wp-content\/uploads\/2020\/06\/8021830-4.jpg\",\"width\":320,\"height\":1185},{\"@type\":\"BreadcrumbList\",\"@id\":\"https:\/\/sarom.eu\/hu\/catalogue\/wine\/10l-bordeaux-bvs\/#breadcrumb\",\"itemListElement\":[{\"@type\":\"ListItem\",\"position\":1,\"name\":\"Home\",\"item\":\"https:\/\/sarom.eu\/hu\/\"},{\"@type\":\"ListItem\",\"position\":2,\"name\":\"Catalogue\",\"item\":\"https:\/\/sarom.eu\/catalogue\/\"},{\"@type\":\"ListItem\",\"position\":3,\"name\":\"1,0L &#8216;BORDEAUX&#8217; BVS\"}]},{\"@type\":\"WebSite\",\"@id\":\"https:\/\/sarom.eu\/hu\/#website\",\"url\":\"https:\/\/sarom.eu\/hu\/\",\"name\":\"Berlin Packaging | Sarom\",\"description\":\"World&#039;s Largest Hybrid Packaging Supplier\",\"publisher\":{\"@id\":\"https:\/\/sarom.eu\/hu\/#organization\"},\"potentialAction\":[{\"@type\":\"SearchAction\",\"target\":{\"@type\":\"EntryPoint\",\"urlTemplate\":\"https:\/\/sarom.eu\/hu\/?s={search_term_string}\"},\"query-input\":{\"@type\":\"PropertyValueSpecification\",\"valueRequired\":true,\"valueName\":\"search_term_string\"}}],\"inLanguage\":\"hu\"},{\"@type\":\"Organization\",\"@id\":\"https:\/\/sarom.eu\/hu\/#organization\",\"name\":\"Sarom\",\"url\":\"https:\/\/sarom.eu\/hu\/\",\"logo\":{\"@type\":\"ImageObject\",\"inLanguage\":\"hu\",\"@id\":\"https:\/\/sarom.eu\/hu\/#\/schema\/logo\/image\/\",\"url\":\"https:\/\/sarom.eu\/wp-content\/uploads\/2019\/09\/logo_flat2.png\",\"contentUrl\":\"https:\/\/sarom.eu\/wp-content\/uploads\/2019\/09\/logo_flat2.png\",\"width\":600,\"height\":200,\"caption\":\"Sarom\"},\"image\":{\"@id\":\"https:\/\/sarom.eu\/hu\/#\/schema\/logo\/image\/\"},\"sameAs\":[\"https:\/\/www.facebook.com\/sarompackaging\/\",\"https:\/\/www.instagram.com\/sarompackaging\/?hl=en\"]}]}<\/script>\n<!-- \/ Yoast SEO Premium plugin. -->","yoast_head_json":{"title":"1,0L 'BORDEAUX' BVS - Berlin Packaging | Sarom","robots":{"index":"index","follow":"follow","max-snippet":"max-snippet:-1","max-image-preview":"max-image-preview:large","max-video-preview":"max-video-preview:-1"},"canonical":"https:\/\/sarom.eu\/hu\/catalogue\/wine\/10l-bordeaux-bvs\/","og_locale":"hu_HU","og_type":"article","og_title":"1,0L 'BORDEAUX' BVS","og_site_name":"Berlin Packaging | Sarom","article_publisher":"https:\/\/www.facebook.com\/sarompackaging\/","article_modified_time":"2023-09-28T05:00:15+00:00","og_image":[{"width":320,"height":1185,"url":"https:\/\/sarom.eu\/wp-content\/uploads\/2020\/06\/8021830-4.jpg","type":"image\/jpeg"}],"twitter_card":"summary_large_image","twitter_misc":{"Becs\u00fclt olvas\u00e1si id\u0151":"2 perc"},"schema":{"@context":"https:\/\/schema.org","@graph":[{"@type":"WebPage","@id":"https:\/\/sarom.eu\/hu\/catalogue\/wine\/10l-bordeaux-bvs\/","url":"https:\/\/sarom.eu\/hu\/catalogue\/wine\/10l-bordeaux-bvs\/","name":"1,0L 'BORDEAUX' BVS - Berlin Packaging | Sarom","isPartOf":{"@id":"https:\/\/sarom.eu\/hu\/#website"},"primaryImageOfPage":{"@id":"https:\/\/sarom.eu\/hu\/catalogue\/wine\/10l-bordeaux-bvs\/#primaryimage"},"image":{"@id":"https:\/\/sarom.eu\/hu\/catalogue\/wine\/10l-bordeaux-bvs\/#primaryimage"},"thumbnailUrl":"https:\/\/sarom.eu\/wp-content\/uploads\/2020\/06\/8021830-4.jpg","datePublished":"2020-06-30T12:45:37+00:00","dateModified":"2023-09-28T05:00:15+00:00","breadcrumb":{"@id":"https:\/\/sarom.eu\/hu\/catalogue\/wine\/10l-bordeaux-bvs\/#breadcrumb"},"inLanguage":"hu","potentialAction":[{"@type":"ReadAction","target":["https:\/\/sarom.eu\/hu\/catalogue\/wine\/10l-bordeaux-bvs\/"]}]},{"@type":"ImageObject","inLanguage":"hu","@id":"https:\/\/sarom.eu\/hu\/catalogue\/wine\/10l-bordeaux-bvs\/#primaryimage","url":"https:\/\/sarom.eu\/wp-content\/uploads\/2020\/06\/8021830-4.jpg","contentUrl":"https:\/\/sarom.eu\/wp-content\/uploads\/2020\/06\/8021830-4.jpg","width":320,"height":1185},{"@type":"BreadcrumbList","@id":"https:\/\/sarom.eu\/hu\/catalogue\/wine\/10l-bordeaux-bvs\/#breadcrumb","itemListElement":[{"@type":"ListItem","position":1,"name":"Home","item":"https:\/\/sarom.eu\/hu\/"},{"@type":"ListItem","position":2,"name":"Catalogue","item":"https:\/\/sarom.eu\/catalogue\/"},{"@type":"ListItem","position":3,"name":"1,0L &#8216;BORDEAUX&#8217; BVS"}]},{"@type":"WebSite","@id":"https:\/\/sarom.eu\/hu\/#website","url":"https:\/\/sarom.eu\/hu\/","name":"Berlin Packaging | Sarom","description":"World&#039;s Largest Hybrid Packaging Supplier","publisher":{"@id":"https:\/\/sarom.eu\/hu\/#organization"},"potentialAction":[{"@type":"SearchAction","target":{"@type":"EntryPoint","urlTemplate":"https:\/\/sarom.eu\/hu\/?s={search_term_string}"},"query-input":{"@type":"PropertyValueSpecification","valueRequired":true,"valueName":"search_term_string"}}],"inLanguage":"hu"},{"@type":"Organization","@id":"https:\/\/sarom.eu\/hu\/#organization","name":"Sarom","url":"https:\/\/sarom.eu\/hu\/","logo":{"@type":"ImageObject","inLanguage":"hu","@id":"https:\/\/sarom.eu\/hu\/#\/schema\/logo\/image\/","url":"https:\/\/sarom.eu\/wp-content\/uploads\/2019\/09\/logo_flat2.png","contentUrl":"https:\/\/sarom.eu\/wp-content\/uploads\/2019\/09\/logo_flat2.png","width":600,"height":200,"caption":"Sarom"},"image":{"@id":"https:\/\/sarom.eu\/hu\/#\/schema\/logo\/image\/"},"sameAs":["https:\/\/www.facebook.com\/sarompackaging\/","https:\/\/www.instagram.com\/sarompackaging\/?hl=en"]}]}},"_links":{"self":[{"href":"https:\/\/sarom.eu\/hu\/wp-json\/wp\/v2\/product\/12269","targetHints":{"allow":["GET"]}}],"collection":[{"href":"https:\/\/sarom.eu\/hu\/wp-json\/wp\/v2\/product"}],"about":[{"href":"https:\/\/sarom.eu\/hu\/wp-json\/wp\/v2\/types\/product"}],"wp:featuredmedia":[{"embeddable":true,"href":"https:\/\/sarom.eu\/hu\/wp-json\/wp\/v2\/media\/5261"}],"wp:attachment":[{"href":"https:\/\/sarom.eu\/hu\/wp-json\/wp\/v2\/media?parent=12269"}],"wp:term":[{"taxonomy":"product_brand","embeddable":true,"href":"https:\/\/sarom.eu\/hu\/wp-json\/wp\/v2\/product_brand?post=12269"},{"taxonomy":"product_cat","embeddable":true,"href":"https:\/\/sarom.eu\/hu\/wp-json\/wp\/v2\/product_cat?post=12269"},{"taxonomy":"product_tag","embeddable":true,"href":"https:\/\/sarom.eu\/hu\/wp-json\/wp\/v2\/product_tag?post=12269"}],"curies":[{"name":"wp","href":"https:\/\/api.w.org\/{rel}","templated":true}]}}