{"id":14068,"date":"2023-04-28T16:25:38","date_gmt":"2023-04-28T16:25:38","guid":{"rendered":"https:\/\/sarom.wpenginepowered.com\/nota-de-informare-privind-protectia-datelor\/"},"modified":"2023-04-28T16:25:38","modified_gmt":"2023-04-28T16:25:38","slug":"nota-de-informare-privind-protectia-datelor","status":"publish","type":"page","link":"https:\/\/sarom.eu\/ro\/nota-de-informare-privind-protectia-datelor\/","title":{"rendered":"Nota de informare privind protec\u021bia datelor"},"content":{"rendered":"<p>Nota de informare privind protec\u021bia datelor<\/p>\n<p>Cine suntem?<\/p>\n<p>Sarom Impex S.R.L., o societate \u00eenfiin\u021bat\u0103 conform legisla\u021biei rom\u00e2ne cu sediul \u00een Bucure\u0219ti, sector 3, Str. Theodor Speran\u021bia Nr.106, Bl.S24, Sc.2, Et.1, Ap.34, punct de lucru \u00een Bucure\u0219ti, sector 2, Str. Delea Veche, Nr.24, Cl\u0103direa A, Etaj 9, Modul M4, nr. de \u00eenregistrare la Registrul Comer\u021bului J40\/13428\/1992, cod unic de \u00eenregistrare RO2356455, e-mail office@sarom.eu (denumit\u0103 \u00een continuare \u201eSarom\u201d) prelucreaz\u0103 datele dumneavoastr\u0103 cu caracter personal \u00een calitate de operator \u00een conformitate cu prevederile Regulamentului nr. 679\/2016 privind protec\u021bia persoanelor fizice \u00een ceea ce prive\u0219te prelucrarea datelor cu caracter personal \u015fi privind libera circula\u021bie a acestor date (Regulamentul general privind protec\u021bia datelor), numit \u00een cele ce urmeaz\u0103 \u201eRegulamentul\u201d, \u00een scopurile detaliate mai jos. <\/p>\n<p>Ce date cu caracter personal prelucr\u0103m?<\/p>\n<p>Nume, prenume, adresa de e-mail, num\u0103r de telefon, loca\u021bie.<\/p>\n<p>\u00cen ce scopuri prelucreaz\u0103 Sarom datele cu caracter personal care v\u0103 privesc?<\/p>\n<p>Prin intermediul formularului de contact ne pute\u021bi scrie pentru a ne solicita informa\u021bii suplimentare privind produsele \u0219i serviciile noastre sau pentru a putea intra \u00een contact cu noi pentru orice aspecte ale activit\u0103\u021bii noastre care prezint\u0103 interes pentru dvs.  <\/p>\n<p>Temeiul juridic pentru prelucrarea datelor dumneavoastr\u0103 este reprezentat de consim\u021b\u0103m\u00e2ntul dvs. pentru  a intra \u00een contact cu noi, consim\u021b\u0103m\u00e2nt pe care \u00eel acorda\u021bi prin bifarea c\u0103su\u021bei: \u201cNot\u0103 de informare privind protec\u021bia datelor\u201d. <\/p>\n<p>Cui transmitem datele dumneavoastr\u0103?<\/p>\n<p>Datele dvs. nu sunt transmise unor ter\u021be persoane.<\/p>\n<p>Unde prelucr\u0103m datele dumneavoastr\u0103?<\/p>\n<p>Datele cu caracter personal men\u021bionate mai sus, sunt prelucrate de Sarom \u00een Uniunea European\u0103. <\/p>\n<p>C\u00e2t timp p\u0103str\u0103m datele?<\/p>\n<p>Sarom va stoca datele cu caracter personal pe perioada necesar\u0103 \u00eendeplinirii scopurilor \u00een care acestea sunt prelucrate, respectiv contactul cu dvs. <\/p>\n<p>Drepturile dvs. \u00een calitate de Beneficiar, privind datele cu caracter personal<\/p>\n<p>Conform prevederilor Regulamentului, beneficia\u021bi de urm\u0103toarele drepturi care pot fi exercitate, \u00een mod individual sau cumulat, cu privire la datele cu caracter personal prelucrate de Sarom \u00een calitate de operator:<\/p>\n<p>Dreptul de acces la datele cu caracter personal \u2013 pute\u021bi solicita confirmarea faptului c\u0103 datele acestuia cu caracter personal care v\u0103 privesc sunt prelucrate sau nu de c\u0103tre operator, iar \u00een caz afirmativ, pute\u021bi solicita accesul la acestea, precum \u0219i informa\u021bii despre activitatea de prelucrare (de ex., scopurile prelucr\u0103rii \u0219i categoriile de date prelucrate, destinatarii sau categoriile de destinatari c\u0103tre care datele au fost sau vor fi dezv\u0103luite, durata prelucr\u0103rii sau criterii utilizate pentru determinarea acestei perioade, existen\u021ba anumitor drepturi prev\u0103zute de lege, sursa informa\u021biilor, etc.). La solicitarea dumneavoastr\u0103, operatorul va furniza \u0219i o copie a datelor cu caracter personal prelucrate. Solicitarea de copii suplimentare poate fi tarifat\u0103 \u00een func\u021bie de costurile efective suportate de operator, \u00een condi\u021biile care vor fi comunicate de acesta.<\/p>\n<p>Dreptul de rectificare a datelor cu caracter personal \u2013 pute\u021bi ob\u021bine rectificarea datelor cu caracter personal inexacte, precum si completarea celor care sunt incomplete.<\/p>\n<p>Dreptul de restric\u021bionare a prelucr\u0103rii datelor cu caracter personal \u2013 \u00een situa\u021biile reglementate expres de lege (de ex., \u00een cazul \u00een care contesta\u021bi exactitatea datelor cu caracter personal care v\u0103 privesc, pe perioada necesar\u0103 pentru verificarea exactit\u0103\u021bii acestora, etc.) pute\u021bi ob\u021bine restric\u021bionarea prelucr\u0103rii de c\u0103tre operator a datelor cu caracter personal. Restric\u021bionarea prelucr\u0103rii semnific\u0103 faptul c\u0103 operatorul se va limita la a stoca datele cu caracter personal \u0219i nu va efectua alte opera\u021biuni de prelucrare a acestora dec\u00e2t cu consim\u021b\u0103m\u00e2ntul dumneavoastr\u0103 sau \u00een alte cazuri expres rev\u0103zute de lege (\u00een principal, pentru constatarea, exercitarea sau ap\u0103rarea unui drept \u00een instan\u021b\u0103 sau pentru protec\u021bia drepturilor unei alte persoane fizice sau juridice).<\/p>\n<p>Dreptul de \u0219tergere a datelor cu caracter personal (\u201edreptul de a fi uitat\u201d) &#8211; \u00een situa\u021biile reglementate expres de lege (de ex., \u00een cazul retragerii consim\u021b\u0103m\u00e2ntului dac\u0103 nu mai exist\u0103 alt temei legal pentru prelucrarea datelor sau \u00een cazul in care se constat\u0103 c\u0103 datele cu caracter personal nu mai sunt necesare  pentru scopul \u00een care au fost colectate sau prelucrate, etc.), pute\u021bi ob\u021bine \u0219tergerea respectivelor date. <\/p>\n<p>Dreptul de a v\u0103 opune prelucr\u0103rii datelor cu caracter personal &#8211;  v\u0103 pute\u021bi opune \u00een orice moment, din motive legate de situa\u021bia particular\u0103 \u00een care v\u0103 afla\u021bi, prelucr\u0103rii de c\u0103tre operator a datelor cu caracter personal \u00een anumite cazuri prev\u0103zute expres de lege (\u00een special, dac\u0103 prelucrarea este \u00eentemeiat\u0103 pe interesul legitim al operatorului). De asemenea, atunci c\u00e2nd prelucrarea datelor cu caracter personal are drept scop marketingul direct, persoana vizat\u0103 are dreptul de a se opune \u00een orice moment prelucr\u0103rii \u00een acest scop a datelor cu caracter personal care o privesc, inclusiv cre\u0103rii de profiluri.<\/p>\n<p>Dreptul de portabilitate a datelor cu caracter personal \u2013 \u00een situa\u021biile reglementate expres de lege (respectiv, dac\u0103 prelucrarea datelor cu caracter personal este realizat\u0103 de operator prin mijloace automate \u0219i are ca temei legal fie executarea unui contract, fie consim\u021b\u0103m\u00e2ntul dumneavoastr\u0103), pute\u021bi primi, \u00eentr-un format structurat, care poate fi citit automat, datele cu caracter personal pe care le-a\u021bi furnizat operatorului \u0219i pute\u021bi solicita ca respectivele date s\u0103 fie transmise altui operator.<\/p>\n<p>Dreptul de a retrage consim\u021b\u0103m\u00e2ntul dat \u2013 v\u0103 pute\u021bi retrage, \u00een orice moment consim\u021b\u0103m\u00e2ntul pentru prelucrarea datelor cu caracter personal de c\u0103tre operator. Retragerea consim\u021b\u0103m\u00e2ntului va avea efecte doar pentru viitor, prelucrarea efectuat\u0103 anterior retragerii r\u0103m\u00e2n\u00e2nd \u00een continuare valabil\u0103.<\/p>\n<p>Drepturi suplimentare aferente deciziilor automate \u2013 \u00een cazul \u00een care operatorul ia decizii automate ca urmare a prelucr\u0103rii datelor cu caracter personal care v\u0103 privesc iar acestea produc efecte legale asupra dumneavoastr\u0103 sau v\u0103 afecteaz\u0103 \u00eentr-un mod semnificativ similar, pute\u021bi (a) ob\u021bine interven\u021bia uman\u0103 cu privire la respectiva prelucrare, (b) exprima punctul de vedere cu privire la respectiva prelucrare, (c) ob\u021bine explica\u021bii cu privire la decizia luata \u0219i (d) contesta respectiva decizie. <\/p>\n<p>Pentru exercitarea oric\u0103ruia dintre drepturilor listate mai sus pute\u021bi adresa cu o cerere scris\u0103, datat\u0103 \u0219i semnat\u0103, la adresa punctului nostru de lucru Bucure\u0219ti, sector 2, Str. Delea Veche, Nr.24, Cl\u0103direa A, Etaj 9, Modul M4, sau la adresa de e-mail: office@sarom.eu.<\/p>\n<p>De asemenea, \u00een cazul \u00een care considera\u021bi c\u0103 nu v-au fost respectate drepturile, ave\u021bi dreptul de a depune o pl\u00e2ngere fa\u021b\u0103 de modalitatea de prelucrare a datelor cu caracter personal de c\u0103tre Sarom la Autoritatea Na\u021bional\u0103 de Supraveghere a Prelucr\u0103rii Datelor cu Caracter Personal. <\/p>\n\n<p><\/p>\n","protected":false},"excerpt":{"rendered":"<p>Nota de informare privind protec\u021bia datelor Cine suntem? Sarom Impex S.R.L., o societate \u00eenfiin\u021bat\u0103 conform legisla\u021biei rom\u00e2ne cu sediul \u00een Bucure\u0219ti, sector 3, Str. Theodor Speran\u021bia Nr.106, Bl.S24, Sc.2, Et.1, Ap.34, punct de lucru \u00een Bucure\u0219ti, sector 2, Str. Delea Veche, Nr.24, Cl\u0103direa A, Etaj 9, Modul M4, nr. de \u00eenregistrare la Registrul Comer\u021bului J40\/13428\/1992, [&hellip;]<\/p>\n","protected":false},"author":1,"featured_media":0,"parent":0,"menu_order":0,"comment_status":"closed","ping_status":"closed","template":"","meta":{"_acf_changed":false,"_et_pb_use_builder":"off","_et_pb_old_content":"","_et_gb_content_width":"","footnotes":""},"class_list":["post-14068","page","type-page","status-publish","hentry"],"acf":[],"yoast_head":"<!-- This site is optimized with the Yoast SEO Premium plugin v23.5 (Yoast SEO v26.5) - https:\/\/yoast.com\/wordpress\/plugins\/seo\/ -->\n<title>Nota de informare privind protec\u021bia datelor - Sarom<\/title>\n<meta name=\"robots\" content=\"index, follow, max-snippet:-1, max-image-preview:large, max-video-preview:-1\" \/>\n<link rel=\"canonical\" href=\"https:\/\/sarom.eu\/ro\/nota-de-informare-privind-protectia-datelor\/\" \/>\n<meta property=\"og:locale\" content=\"ro_RO\" \/>\n<meta property=\"og:type\" content=\"article\" \/>\n<meta property=\"og:title\" content=\"Nota de informare privind protec\u021bia datelor\" \/>\n<meta property=\"og:description\" content=\"Nota de informare privind protec\u021bia datelor Cine suntem? Sarom Impex S.R.L., o societate \u00eenfiin\u021bat\u0103 conform legisla\u021biei rom\u00e2ne cu sediul \u00een Bucure\u0219ti, sector 3, Str. Theodor Speran\u021bia Nr.106, Bl.S24, Sc.2, Et.1, Ap.34, punct de lucru \u00een Bucure\u0219ti, sector 2, Str. Delea Veche, Nr.24, Cl\u0103direa A, Etaj 9, Modul M4, nr. de \u00eenregistrare la Registrul Comer\u021bului J40\/13428\/1992, [&hellip;]\" \/>\n<meta property=\"og:site_name\" content=\"Sarom\" \/>\n<meta property=\"article:publisher\" content=\"https:\/\/www.facebook.com\/sarompackaging\/\" \/>\n<meta name=\"twitter:card\" content=\"summary_large_image\" \/>\n<meta name=\"twitter:label1\" content=\"Timp estimat pentru citire\" \/>\n\t<meta name=\"twitter:data1\" content=\"6 minute\" \/>\n<script type=\"application\/ld+json\" class=\"yoast-schema-graph\">{\"@context\":\"https:\/\/schema.org\",\"@graph\":[{\"@type\":\"WebPage\",\"@id\":\"https:\/\/sarom.eu\/ro\/nota-de-informare-privind-protectia-datelor\/\",\"url\":\"https:\/\/sarom.eu\/ro\/nota-de-informare-privind-protectia-datelor\/\",\"name\":\"Nota de informare privind protec\u021bia datelor - Sarom\",\"isPartOf\":{\"@id\":\"https:\/\/sarom.eu\/ro\/#website\"},\"datePublished\":\"2023-04-28T16:25:38+00:00\",\"breadcrumb\":{\"@id\":\"https:\/\/sarom.eu\/ro\/nota-de-informare-privind-protectia-datelor\/#breadcrumb\"},\"inLanguage\":\"ro-RO\",\"potentialAction\":[{\"@type\":\"ReadAction\",\"target\":[\"https:\/\/sarom.eu\/ro\/nota-de-informare-privind-protectia-datelor\/\"]}]},{\"@type\":\"BreadcrumbList\",\"@id\":\"https:\/\/sarom.eu\/ro\/nota-de-informare-privind-protectia-datelor\/#breadcrumb\",\"itemListElement\":[{\"@type\":\"ListItem\",\"position\":1,\"name\":\"Home\",\"item\":\"https:\/\/sarom.eu\/ro\/\"},{\"@type\":\"ListItem\",\"position\":2,\"name\":\"Nota de informare privind protec\u021bia datelor\"}]},{\"@type\":\"WebSite\",\"@id\":\"https:\/\/sarom.eu\/ro\/#website\",\"url\":\"https:\/\/sarom.eu\/ro\/\",\"name\":\"Sarom\",\"description\":\"Glass packaging experts\",\"publisher\":{\"@id\":\"https:\/\/sarom.eu\/ro\/#organization\"},\"potentialAction\":[{\"@type\":\"SearchAction\",\"target\":{\"@type\":\"EntryPoint\",\"urlTemplate\":\"https:\/\/sarom.eu\/ro\/?s={search_term_string}\"},\"query-input\":{\"@type\":\"PropertyValueSpecification\",\"valueRequired\":true,\"valueName\":\"search_term_string\"}}],\"inLanguage\":\"ro-RO\"},{\"@type\":\"Organization\",\"@id\":\"https:\/\/sarom.eu\/ro\/#organization\",\"name\":\"Sarom\",\"url\":\"https:\/\/sarom.eu\/ro\/\",\"logo\":{\"@type\":\"ImageObject\",\"inLanguage\":\"ro-RO\",\"@id\":\"https:\/\/sarom.eu\/ro\/#\/schema\/logo\/image\/\",\"url\":\"https:\/\/sarom.eu\/wp-content\/uploads\/2019\/09\/logo_flat2.png\",\"contentUrl\":\"https:\/\/sarom.eu\/wp-content\/uploads\/2019\/09\/logo_flat2.png\",\"width\":600,\"height\":200,\"caption\":\"Sarom\"},\"image\":{\"@id\":\"https:\/\/sarom.eu\/ro\/#\/schema\/logo\/image\/\"},\"sameAs\":[\"https:\/\/www.facebook.com\/sarompackaging\/\",\"https:\/\/www.instagram.com\/sarompackaging\/?hl=en\"]}]}<\/script>\n<!-- \/ Yoast SEO Premium plugin. -->","yoast_head_json":{"title":"Nota de informare privind protec\u021bia datelor - Sarom","robots":{"index":"index","follow":"follow","max-snippet":"max-snippet:-1","max-image-preview":"max-image-preview:large","max-video-preview":"max-video-preview:-1"},"canonical":"https:\/\/sarom.eu\/ro\/nota-de-informare-privind-protectia-datelor\/","og_locale":"ro_RO","og_type":"article","og_title":"Nota de informare privind protec\u021bia datelor","og_description":"Nota de informare privind protec\u021bia datelor Cine suntem? Sarom Impex S.R.L., o societate \u00eenfiin\u021bat\u0103 conform legisla\u021biei rom\u00e2ne cu sediul \u00een Bucure\u0219ti, sector 3, Str. Theodor Speran\u021bia Nr.106, Bl.S24, Sc.2, Et.1, Ap.34, punct de lucru \u00een Bucure\u0219ti, sector 2, Str. Delea Veche, Nr.24, Cl\u0103direa A, Etaj 9, Modul M4, nr. de \u00eenregistrare la Registrul Comer\u021bului J40\/13428\/1992, [&hellip;]","og_site_name":"Sarom","article_publisher":"https:\/\/www.facebook.com\/sarompackaging\/","twitter_card":"summary_large_image","twitter_misc":{"Timp estimat pentru citire":"6 minute"},"schema":{"@context":"https:\/\/schema.org","@graph":[{"@type":"WebPage","@id":"https:\/\/sarom.eu\/ro\/nota-de-informare-privind-protectia-datelor\/","url":"https:\/\/sarom.eu\/ro\/nota-de-informare-privind-protectia-datelor\/","name":"Nota de informare privind protec\u021bia datelor - Sarom","isPartOf":{"@id":"https:\/\/sarom.eu\/ro\/#website"},"datePublished":"2023-04-28T16:25:38+00:00","breadcrumb":{"@id":"https:\/\/sarom.eu\/ro\/nota-de-informare-privind-protectia-datelor\/#breadcrumb"},"inLanguage":"ro-RO","potentialAction":[{"@type":"ReadAction","target":["https:\/\/sarom.eu\/ro\/nota-de-informare-privind-protectia-datelor\/"]}]},{"@type":"BreadcrumbList","@id":"https:\/\/sarom.eu\/ro\/nota-de-informare-privind-protectia-datelor\/#breadcrumb","itemListElement":[{"@type":"ListItem","position":1,"name":"Home","item":"https:\/\/sarom.eu\/ro\/"},{"@type":"ListItem","position":2,"name":"Nota de informare privind protec\u021bia datelor"}]},{"@type":"WebSite","@id":"https:\/\/sarom.eu\/ro\/#website","url":"https:\/\/sarom.eu\/ro\/","name":"Sarom","description":"Glass packaging experts","publisher":{"@id":"https:\/\/sarom.eu\/ro\/#organization"},"potentialAction":[{"@type":"SearchAction","target":{"@type":"EntryPoint","urlTemplate":"https:\/\/sarom.eu\/ro\/?s={search_term_string}"},"query-input":{"@type":"PropertyValueSpecification","valueRequired":true,"valueName":"search_term_string"}}],"inLanguage":"ro-RO"},{"@type":"Organization","@id":"https:\/\/sarom.eu\/ro\/#organization","name":"Sarom","url":"https:\/\/sarom.eu\/ro\/","logo":{"@type":"ImageObject","inLanguage":"ro-RO","@id":"https:\/\/sarom.eu\/ro\/#\/schema\/logo\/image\/","url":"https:\/\/sarom.eu\/wp-content\/uploads\/2019\/09\/logo_flat2.png","contentUrl":"https:\/\/sarom.eu\/wp-content\/uploads\/2019\/09\/logo_flat2.png","width":600,"height":200,"caption":"Sarom"},"image":{"@id":"https:\/\/sarom.eu\/ro\/#\/schema\/logo\/image\/"},"sameAs":["https:\/\/www.facebook.com\/sarompackaging\/","https:\/\/www.instagram.com\/sarompackaging\/?hl=en"]}]}},"_links":{"self":[{"href":"https:\/\/sarom.eu\/ro\/wp-json\/wp\/v2\/pages\/14068","targetHints":{"allow":["GET"]}}],"collection":[{"href":"https:\/\/sarom.eu\/ro\/wp-json\/wp\/v2\/pages"}],"about":[{"href":"https:\/\/sarom.eu\/ro\/wp-json\/wp\/v2\/types\/page"}],"author":[{"embeddable":true,"href":"https:\/\/sarom.eu\/ro\/wp-json\/wp\/v2\/users\/1"}],"replies":[{"embeddable":true,"href":"https:\/\/sarom.eu\/ro\/wp-json\/wp\/v2\/comments?post=14068"}],"version-history":[{"count":0,"href":"https:\/\/sarom.eu\/ro\/wp-json\/wp\/v2\/pages\/14068\/revisions"}],"wp:attachment":[{"href":"https:\/\/sarom.eu\/ro\/wp-json\/wp\/v2\/media?parent=14068"}],"curies":[{"name":"wp","href":"https:\/\/api.w.org\/{rel}","templated":true}]}}